{"id":4547,"date":"2024-01-21T17:38:21","date_gmt":"2024-01-21T17:38:21","guid":{"rendered":"https:\/\/society4mra.org\/?page_id=4547"},"modified":"2024-07-04T03:23:58","modified_gmt":"2024-07-04T03:23:58","slug":"2024-organization","status":"publish","type":"page","link":"https:\/\/society4mra.org\/index.php\/2024-organization\/","title":{"rendered":"2024 &#8211; Organization"},"content":{"rendered":"<p>[et_pb_section fb_built=&#8221;1&#8243; fullwidth=&#8221;on&#8221; _builder_version=&#8221;4.18.0&#8243; _module_preset=&#8221;default&#8221; width=&#8221;100%&#8221; min_height=&#8221;400px&#8221; height=&#8221;400px&#8221; global_colors_info=&#8221;{}&#8221;][et_pb_fullwidth_slider _builder_version=&#8221;4.23.1&#8243; _module_preset=&#8221;default&#8221; background_color=&#8221;RGBA(255,255,255,0)&#8221; height=&#8221;400px&#8221; max_height=&#8221;400px&#8221; custom_padding=&#8221;0px||0px||false|false&#8221; auto=&#8221;on&#8221; locked=&#8221;off&#8221; global_colors_info=&#8221;{}&#8221;][et_pb_slide heading=&#8221;36th Annual International Meeting&#8221; image=&#8221;https:\/\/society4mra.org\/wp-content\/uploads\/2023\/11\/smra_2024.png&#8221; _builder_version=&#8221;4.23.1&#8243; _module_preset=&#8221;default&#8221; header_level=&#8221;h2&#8243; header_font=&#8221;Roboto|700|||||||&#8221; header_text_align=&#8221;left&#8221; header_text_color=&#8221;#840B0B&#8221; body_font=&#8221;Roboto|700|||||||&#8221; body_text_align=&#8221;left&#8221; body_text_color=&#8221;#FFFFFF&#8221; body_font_size=&#8221;31px&#8221; body_letter_spacing=&#8221;1px&#8221; body_line_height=&#8221;1.6em&#8221; background_color=&#8221;RGBA(255,255,255,0)&#8221; background_enable_color=&#8221;on&#8221; background_image=&#8221;https:\/\/society4mra.org\/wp-content\/uploads\/2024\/01\/Santiago_photo_1.jpg&#8221; background_enable_image=&#8221;on&#8221; text_orientation=&#8221;left&#8221; background_layout=&#8221;light&#8221; body_text_shadow_style=&#8221;preset1&#8243; body_text_shadow_blur_strength=&#8221;0.17em&#8221; body_text_shadow_color=&#8221;#000000&#8243; border_color_all_image=&#8221;#FFFFFF&#8221; text_shadow_style=&#8221;preset1&#8243; text_shadow_color=&#8221;#000000&#8243; locked=&#8221;off&#8221; global_colors_info=&#8221;{}&#8221; sticky_transition=&#8221;on&#8221;]<\/p>\n<p><span>November 12-15, 2024<\/span><br \/>Santiago, Chile<br \/>&#8220;The ever changing landscape of MRA&#8221;<\/p>\n<p>[\/et_pb_slide][\/et_pb_fullwidth_slider][\/et_pb_section][et_pb_section fb_built=&#8221;1&#8243; admin_label=&#8221;Our Services&#8221; _builder_version=&#8221;4.18.0&#8243; background_color=&#8221;rgba(221,221,221,0.6)&#8221; custom_margin=&#8221;0px||0px|0px|false|false&#8221; custom_padding=&#8221;0px|0px|100px|0px|false|false&#8221; bottom_divider_style=&#8221;wave2&#8243; bottom_divider_color=&#8221;#adadad&#8221; global_colors_info=&#8221;{}&#8221;][et_pb_row _builder_version=&#8221;4.18.0&#8243; _module_preset=&#8221;default&#8221; background_color=&#8221;RGBA(255,255,255,0)&#8221; locked=&#8221;off&#8221; global_colors_info=&#8221;{}&#8221;][et_pb_column type=&#8221;4_4&#8243; _builder_version=&#8221;4.18.0&#8243; _module_preset=&#8221;default&#8221; background_color=&#8221;#1F5351&#8243; global_colors_info=&#8221;{}&#8221;][et_pb_menu menu_id=&#8221;423&#8243; active_link_color=&#8221;#840B0B&#8221; _builder_version=&#8221;4.23.1&#8243; _module_preset=&#8221;default&#8221; menu_font=&#8221;|700|||||||&#8221; menu_text_color=&#8221;#1F5351&#8243; menu_font_size=&#8221;16px&#8221; background_color=&#8221;#DDDDDD&#8221; custom_padding=&#8221;5px|15px|5px|15px|true|true&#8221; locked=&#8221;off&#8221; global_colors_info=&#8221;{}&#8221;][\/et_pb_menu][\/et_pb_column][\/et_pb_row][et_pb_row _builder_version=&#8221;4.18.0&#8243; _module_preset=&#8221;default&#8221; min_height=&#8221;100px&#8221; custom_padding=&#8221;0px||0px||false|false&#8221; global_colors_info=&#8221;{}&#8221;][et_pb_column type=&#8221;4_4&#8243; _builder_version=&#8221;4.16&#8243; _module_preset=&#8221;default&#8221; global_colors_info=&#8221;{}&#8221;][et_pb_text _builder_version=&#8221;4.23.1&#8243; _module_preset=&#8221;default&#8221; text_font_size=&#8221;15px&#8221; min_height=&#8221;400.8px&#8221; custom_margin=&#8221;||0px|||&#8221; custom_padding=&#8221;20px||20px||false|false&#8221; hover_enabled=&#8221;0&#8243; global_colors_info=&#8221;{}&#8221; sticky_enabled=&#8221;0&#8243;]<\/p>\n<div>\n<h5><strong>SMRA 2024 Scientific Co Chairs:<\/strong><\/h5>\n<ul>\n<li>\n<div><span>Claudia Prieto, Pontificia Universidad Cat\u00f3lica de Chile, Santiago and King&#8217;s College London, UK<\/span><\/div>\n<\/li>\n<li>\n<div><span><\/span><span style=\"font-size: 15px\">Ren\u00e9 Botnar, Pontificia Universidad Cat\u00f3lica de Chile, Santiago and King&#8217;s College London, UK<\/span><\/div>\n<\/li>\n<\/ul>\n<h5><strong>Organizing Committee:<\/strong><\/h5>\n<ul>\n<li><span>Rene Botnar, PhD (King&#8217;s College London, UK &amp; Pontificia Universidad Cat\u00f3lica de Chile, Santiago)<\/span><\/li>\n<li><span>Anthony Christodoulou, PhD (University of California \u2013 Los Angeles)<\/span><span><\/span><\/li>\n<li><span>Jeremy Collins, MD (Mayo Clinic, Rochester)<\/span><span><\/span><\/li>\n<li><span>Claudia Prieto Vasquez, PhD (Kings&#8217; College London, UK &amp; Pontificia Universidad Cat\u00f3lica de Chile, Santiago)<\/span><span><\/span><\/li>\n<li><span>Aleksandra Radjenovic, PhD (University of Glasgow, SMRA Secretary)<\/span><span><\/span><\/li>\n<li><span>Oliver Wieben, PhD (University of Wisconsin-Madison<\/span><span><\/span><\/li>\n<li><span>Xihai Zhao, MD (Tsinghua University, Beijing, China)<\/span><span><\/span><span><\/span><\/li>\n<\/ul>\n<h5><strong>Abstract Chair:<\/strong><\/h5>\n<ul>\n<li><span>Mahmud Mossa-Basha, MD (University of Washington)<\/span><\/li>\n<\/ul>\n<p><span><\/span><\/p>\n<h5><strong>Program Committee:<\/strong><\/h5>\n<ul>\n<li><span>Aurelian Bustin, Ph.D. (Bourdeaux University, France)<\/span><\/li>\n<li><span>Rene Botnar, PhD (King&#8217;s College London, UK &amp; Pontificia Universidad Cat\u00f3lica de Chile, Santiago)<\/span><span><\/span><\/li>\n<li><span>Anthony Christodoulou, PhD (University of California \u2013 Los Angeles)<\/span><span><\/span><\/li>\n<li><span>Jeremy Collins, MD (Mayo Clinic, Rochester)<\/span><span><\/span><\/li>\n<li><span>Yin Guo, Ph.D. cand. (University of Washington)<\/span><span><\/span><\/li>\n<li><span>Elisabeth Hecht, MD (Cornell University, NY)<\/span><span><\/span><\/li>\n<li><span>Mahmud Mossa-Basha, MD (University of Washington)<\/span><span><\/span><\/li>\n<li><span>Claudia Prieto Vasquez, PhD (Kings&#8217; College London, UK &amp; Pontificia Universidad Cat\u00f3lica de Chile, Santiago)<\/span><span><\/span><\/li>\n<li><span>Aleksandra Radjenovic, PhD (University of Glasgow, SMRA Secretary)<\/span><span><\/span><\/li>\n<li><span>Hideki Ota, MD (Tohoku University &#8211; Sendai, Japan)<\/span><span><\/span><\/li>\n<li><span>Haikun Qi, Ph.D. (Shanghai Tech University, China)<\/span><span><\/span><\/li>\n<li><span>Susanne Schnell (University of Greifswald, Germany)<\/span><span><\/span><\/li>\n<li><span>Monica Sigovan, Ph.D. (Creatis Medical Imaging Research Center, Lyon, France)<\/span><\/li>\n<li><span>Oliver Wieben, PhD (University of Wisconsin-Madison<\/span><\/li>\n<li><span>Xihai Zhao, MD (Tsinghua University, Beijing, China)<\/span><\/li>\n<\/ul>\n<h5><strong>On Site Support Team:<\/strong><\/h5>\n<ul>\n<li>Jessica Guillemette, smra.events@gmail.com<\/li>\n<li>Anna Van Vliet<\/li>\n<\/ul>\n<\/div>\n<p>&nbsp;<\/p>\n<p>[\/et_pb_text][\/et_pb_column][\/et_pb_row][\/et_pb_section]<\/p>\n","protected":false},"excerpt":{"rendered":"<p>November 12-15, 2024Santiago, Chile&#8221;The ever changing landscape of MRA&#8221; SMRA 2024 Scientific Co Chairs: Claudia Prieto, Pontificia Universidad Cat\u00f3lica de Chile, Santiago and King&#8217;s College London, UK Ren\u00e9 Botnar, Pontificia Universidad Cat\u00f3lica de Chile, Santiago and King&#8217;s College London, UK Organizing Committee: Rene Botnar, PhD (King&#8217;s College London, UK &amp; Pontificia Universidad Cat\u00f3lica de Chile, [&hellip;]<\/p>\n","protected":false},"author":1,"featured_media":0,"parent":0,"menu_order":0,"comment_status":"closed","ping_status":"closed","template":"","meta":{"_et_pb_use_builder":"on","_et_pb_old_content":"","_et_gb_content_width":"","footnotes":""},"class_list":["post-4547","page","type-page","status-publish","hentry"],"_links":{"self":[{"href":"https:\/\/society4mra.org\/index.php\/wp-json\/wp\/v2\/pages\/4547","targetHints":{"allow":["GET"]}}],"collection":[{"href":"https:\/\/society4mra.org\/index.php\/wp-json\/wp\/v2\/pages"}],"about":[{"href":"https:\/\/society4mra.org\/index.php\/wp-json\/wp\/v2\/types\/page"}],"author":[{"embeddable":true,"href":"https:\/\/society4mra.org\/index.php\/wp-json\/wp\/v2\/users\/1"}],"replies":[{"embeddable":true,"href":"https:\/\/society4mra.org\/index.php\/wp-json\/wp\/v2\/comments?post=4547"}],"version-history":[{"count":11,"href":"https:\/\/society4mra.org\/index.php\/wp-json\/wp\/v2\/pages\/4547\/revisions"}],"predecessor-version":[{"id":5128,"href":"https:\/\/society4mra.org\/index.php\/wp-json\/wp\/v2\/pages\/4547\/revisions\/5128"}],"wp:attachment":[{"href":"https:\/\/society4mra.org\/index.php\/wp-json\/wp\/v2\/media?parent=4547"}],"curies":[{"name":"wp","href":"https:\/\/api.w.org\/{rel}","templated":true}]}}