{"id":5530,"date":"2025-05-15T08:57:26","date_gmt":"2025-05-15T08:57:26","guid":{"rendered":"https:\/\/society4mra.org\/?page_id=5530"},"modified":"2025-08-19T06:34:17","modified_gmt":"2025-08-19T06:34:17","slug":"2025-travel-information","status":"publish","type":"page","link":"https:\/\/society4mra.org\/index.php\/2025-travel-information\/","title":{"rendered":"2025 Travel Information"},"content":{"rendered":"<p>[et_pb_section fb_built=&#8221;1&#8243; fullwidth=&#8221;on&#8221; _builder_version=&#8221;4.18.0&#8243; _module_preset=&#8221;default&#8221; width=&#8221;100%&#8221; min_height=&#8221;400px&#8221; height=&#8221;400px&#8221; locked=&#8221;off&#8221; global_colors_info=&#8221;{}&#8221;][et_pb_fullwidth_slider _builder_version=&#8221;4.23.1&#8243; _module_preset=&#8221;default&#8221; width=&#8221;100%&#8221; height=&#8221;400px&#8221; max_height=&#8221;400px&#8221; custom_padding=&#8221;0px||0px||false|false&#8221; auto=&#8221;on&#8221; global_colors_info=&#8221;{}&#8221;][et_pb_slide heading=&#8221;37th Annual International Meeting&#8221; image=&#8221;https:\/\/society4mra.org\/wp-content\/uploads\/2025\/01\/smra_2025_light.png&#8221; use_bg_overlay=&#8221;on&#8221; bg_overlay_color=&#8221;rgba(0,0,0,0.02)&#8221; admin_title=&#8221;parliament&#8221; _builder_version=&#8221;4.23.1&#8243; _module_preset=&#8221;default&#8221; header_level=&#8221;h2&#8243; header_font=&#8221;Roboto|700|||||||&#8221; header_text_align=&#8221;left&#8221; header_text_color=&#8221;#AF0505&#8243; body_font=&#8221;Roboto|700|||||||&#8221; body_text_align=&#8221;left&#8221; body_text_color=&#8221;#FFFFFF&#8221; body_font_size=&#8221;31px&#8221; body_letter_spacing=&#8221;1px&#8221; body_line_height=&#8221;1.6em&#8221; background_enable_color=&#8221;off&#8221; use_background_color_gradient=&#8221;on&#8221; background_color_gradient_stops=&#8221;#d1d1d1 0%|#0c0202 100%&#8221; background_image=&#8221;https:\/\/society4mra.org\/wp-content\/uploads\/2025\/01\/Budapest_photo_2.jpg&#8221; background_enable_image=&#8221;on&#8221; background_blend=&#8221;screen&#8221; text_orientation=&#8221;left&#8221; background_layout=&#8221;light&#8221; body_text_shadow_style=&#8221;preset1&#8243; body_text_shadow_blur_strength=&#8221;0.17em&#8221; body_text_shadow_color=&#8221;#000000&#8243; border_color_all_image=&#8221;#FFFFFF&#8221; text_shadow_style=&#8221;preset1&#8243; text_shadow_color=&#8221;#000000&#8243; global_colors_info=&#8221;{}&#8221; sticky_transition=&#8221;on&#8221;]<\/p>\n<p>August 21-24, 2025<br \/>Budapest, Hungary<br \/>&#8220;MRA Innovations Flowing through Time&#8221;<\/p>\n<p>[\/et_pb_slide][et_pb_slide heading=&#8221;37th Annual International Meeting&#8221; image=&#8221;https:\/\/society4mra.org\/wp-content\/uploads\/2025\/01\/smra_2025_light.png&#8221; use_bg_overlay=&#8221;on&#8221; bg_overlay_color=&#8221;rgba(0,0,0,0.02)&#8221; admin_title=&#8221;night&#8221; _builder_version=&#8221;4.23.1&#8243; _module_preset=&#8221;default&#8221; header_level=&#8221;h2&#8243; header_font=&#8221;Roboto|700|||||||&#8221; header_text_align=&#8221;left&#8221; header_text_color=&#8221;#af0505&#8243; body_font=&#8221;Roboto|700|||||||&#8221; body_text_align=&#8221;left&#8221; body_text_color=&#8221;#FFFFFF&#8221; body_font_size=&#8221;31px&#8221; body_letter_spacing=&#8221;1px&#8221; body_line_height=&#8221;1.6em&#8221; background_enable_color=&#8221;off&#8221; background_image=&#8221;https:\/\/society4mra.org\/wp-content\/uploads\/2025\/01\/Budapest_photo_0.jpg&#8221; background_enable_image=&#8221;on&#8221; text_orientation=&#8221;left&#8221; background_layout=&#8221;light&#8221; body_text_shadow_style=&#8221;preset1&#8243; body_text_shadow_blur_strength=&#8221;0.17em&#8221; body_text_shadow_color=&#8221;#000000&#8243; border_color_all_image=&#8221;#FFFFFF&#8221; text_shadow_style=&#8221;preset1&#8243; text_shadow_horizontal_length=&#8221;0.16em&#8221; text_shadow_vertical_length=&#8221;0.16em&#8221; text_shadow_blur_strength=&#8221;0.23em&#8221; text_shadow_color=&#8221;#000000&#8243; global_colors_info=&#8221;{}&#8221; sticky_transition=&#8221;on&#8221;]<\/p>\n<p>August 21-24, 2025<br \/>Budapest, Hungary<br \/>&#8220;MRA Innovations Flowing through Time&#8221;<\/p>\n<p>[\/et_pb_slide][et_pb_slide heading=&#8221;37th Annual International Meeting&#8221; image=&#8221;https:\/\/society4mra.org\/wp-content\/uploads\/2025\/01\/smra_2025_light.png&#8221; use_bg_overlay=&#8221;on&#8221; bg_overlay_color=&#8221;rgba(0,0,0,0.02)&#8221; admin_title=&#8221;day&#8221; _builder_version=&#8221;4.23.1&#8243; _module_preset=&#8221;default&#8221; header_level=&#8221;h2&#8243; header_font=&#8221;Roboto|700|||||||&#8221; header_text_align=&#8221;left&#8221; header_text_color=&#8221;#b50303&#8243; body_font=&#8221;Roboto|700|||||||&#8221; body_text_align=&#8221;left&#8221; body_text_color=&#8221;#FFFFFF&#8221; body_font_size=&#8221;31px&#8221; body_letter_spacing=&#8221;1px&#8221; body_line_height=&#8221;1.6em&#8221; background_enable_color=&#8221;off&#8221; background_image=&#8221;https:\/\/society4mra.org\/wp-content\/uploads\/2025\/01\/Budapest_photo_1.jpg&#8221; background_enable_image=&#8221;on&#8221; text_orientation=&#8221;left&#8221; background_layout=&#8221;light&#8221; body_text_shadow_style=&#8221;preset1&#8243; body_text_shadow_blur_strength=&#8221;0.17em&#8221; body_text_shadow_color=&#8221;#000000&#8243; border_color_all_image=&#8221;#FFFFFF&#8221; text_shadow_style=&#8221;preset1&#8243; text_shadow_color=&#8221;#000000&#8243; global_colors_info=&#8221;{}&#8221; sticky_transition=&#8221;on&#8221;]<\/p>\n<p>August 21-24, 2025<br \/>Budapest, Hungary<br \/>&#8220;MRA Innovations Flowing through Time&#8221;<\/p>\n<p>[\/et_pb_slide][\/et_pb_fullwidth_slider][\/et_pb_section][et_pb_section fb_built=&#8221;1&#8243; admin_label=&#8221;Our Services&#8221; _builder_version=&#8221;4.18.0&#8243; background_color=&#8221;rgba(221,221,221,0.6)&#8221; custom_margin=&#8221;0px||0px|0px|false|false&#8221; custom_padding=&#8221;0px|0px|100px|0px|false|false&#8221; bottom_divider_style=&#8221;wave2&#8243; bottom_divider_color=&#8221;#adadad&#8221; global_colors_info=&#8221;{}&#8221;][et_pb_row _builder_version=&#8221;4.18.0&#8243; _module_preset=&#8221;default&#8221; background_color=&#8221;RGBA(255,255,255,0)&#8221; locked=&#8221;off&#8221; global_colors_info=&#8221;{}&#8221;][et_pb_column type=&#8221;4_4&#8243; _builder_version=&#8221;4.18.0&#8243; _module_preset=&#8221;default&#8221; background_color=&#8221;#1F5351&#8243; global_colors_info=&#8221;{}&#8221;][et_pb_menu menu_id=&#8221;494&#8243; active_link_color=&#8221;#840B0B&#8221; _builder_version=&#8221;4.23.1&#8243; _module_preset=&#8221;default&#8221; menu_font=&#8221;|700|||||||&#8221; menu_text_color=&#8221;#1F5351&#8243; menu_font_size=&#8221;16px&#8221; background_color=&#8221;#DDDDDD&#8221; custom_padding=&#8221;5px|15px|5px|15px|true|true&#8221; locked=&#8221;off&#8221; global_colors_info=&#8221;{}&#8221;][\/et_pb_menu][\/et_pb_column][\/et_pb_row][et_pb_row _builder_version=&#8221;4.18.0&#8243; _module_preset=&#8221;default&#8221; min_height=&#8221;100px&#8221; custom_padding=&#8221;0px||0px||false|false&#8221; global_colors_info=&#8221;{}&#8221;][et_pb_column type=&#8221;4_4&#8243; _builder_version=&#8221;4.16&#8243; _module_preset=&#8221;default&#8221; global_colors_info=&#8221;{}&#8221;][et_pb_text _builder_version=&#8221;4.23.1&#8243; _module_preset=&#8221;default&#8221; text_font_size=&#8221;15px&#8221; min_height=&#8221;400.8px&#8221; custom_margin=&#8221;||0px|||&#8221; custom_padding=&#8221;20px||20px||false|false&#8221; global_colors_info=&#8221;{}&#8221;]<\/p>\n<p><span>Please consult our <a href=\"https:\/\/society4mra.org\/wp-content\/uploads\/2025\/07\/SMRA_2025_Budapest_Conference_Booklet_final.pdf\" target=\"_blank\" rel=\"noopener\">Budapest Travel Guide<\/a> for tip and answers to frequently asked questions<\/span><\/span><\/p>\n<h4><span style=\"color: #800000\"><\/span><\/h4>\n<h4><span style=\"color: #800000\"><\/span><\/h4>\n<h4><span style=\"color: #800000\">Conference Venue<\/span><\/h4>\n<p><span style=\"color: #800000\"><\/span><\/p>\n<p>The Basic Medical Science Center (Elm\u00e9leti Orvostudom\u00e1nyi K\u00f6zpont, EOK) of Semmelweis University is a modern building with unique architecture, designed to support learning and research. The building has won multiple architecture awards, including the Pro Architectura Award and the Construction Excellence Award. It features large and small lecture rooms, a library, administrative offices, and research spaces, seamlessly blending education and science. Its spacious lecture halls, glass walls, and open areas create a bright and welcoming atmosphere. Located in the heart of Budapest, EOK is easily accessible and well-connected to the city.<\/p>\n<p><strong>Address:<\/strong> H-1094 Budapest, T\u0171zolt\u00f3 street 37-47.<\/p>\n<p><strong>Phone:<\/strong> +36-1-459-1500, ext. 60000<\/p>\n<p><strong>Website:<\/strong> <a href=\"https:\/\/semmelweis.hu\/eok\/en\/\">https:\/\/semmelweis.hu\/eok\/en\/<\/a><\/p>\n<p><span style=\"color: #666666\">Getting there with public transport:<\/span><span style=\"color: #666666\"><\/span><\/p>\n<h4><span style=\"color: #666666\"><\/span><\/h4>\n<ul>\n<li><strong>Metro:<\/strong> Take Metro Line 3 (blue line) to Semmelweis Klinik\u00e1k station; EOK is a 3-minute walk from there.<\/li>\n<li><strong>Tram:<\/strong> Tram 4 and 6 stops nearby at Corvin Negyed station.<\/li>\n<li><strong>Bus:<\/strong> Several bus lines, including 9, have stops within walking distance.<\/li>\n<\/ul>\n<p>[\/et_pb_text][et_pb_gallery gallery_ids=&#8221;5551,5554&#8243; posts_number=&#8221;2&#8243; show_title_and_caption=&#8221;off&#8221; show_pagination=&#8221;off&#8221; _builder_version=&#8221;4.23.1&#8243; _module_preset=&#8221;default&#8221; custom_padding=&#8221;|50px||50px|false|true&#8221; locked=&#8221;off&#8221; global_colors_info=&#8221;{}&#8221;][\/et_pb_gallery][et_pb_text _builder_version=&#8221;4.23.1&#8243; _module_preset=&#8221;default&#8221; text_font_size=&#8221;15px&#8221; min_height=&#8221;400.8px&#8221; custom_margin=&#8221;||0px|||&#8221; custom_padding=&#8221;20px||0px||false|false&#8221; global_colors_info=&#8221;{}&#8221;]<\/p>\n<h4><span style=\"color: #800000\">About Semmelweis University<\/span><\/h4>\n<p>Semmelweis University, established in 1769, is Hungary&#8217;s oldest medical institution and a leading center for medical and health sciences education in Central Europe. Situated in Budapest, the university integrates education, research, and healthcare, offering programs in Hungarian, English, and German. With nearly 16,000 students from over 100 countries, it fosters a diverse and international academic community. The university comprises six faculties, including Medicine, Dentistry, Pharmaceutical Sciences, Health Sciences, Health and Public Administration, and the Andr\u00e1s Pet\u0151 Faculty. As Hungary&#8217;s largest healthcare provider, Semmelweis University combines clinical practice with cutting-edge research. Its commitment to excellence is reflected in its consistent ranking among the world&#8217;s top universities.<\/p>\n<p><strong>Address:<\/strong> H &#8211; 1085 Budapest, \u00dcll\u0151i \u00fat 26.<\/p>\n<p><strong>Phone:<\/strong> +36 1 459-1500<\/p>\n<p><strong>Website:<\/strong> <a href=\"https:\/\/semmelweis.hu\/english\/\">https:\/\/semmelweis.hu\/english\/<\/a><\/p>\n<p>[\/et_pb_text][et_pb_gallery gallery_ids=&#8221;5560,5562,5561&#8243; posts_number=&#8221;3&#8243; show_title_and_caption=&#8221;off&#8221; show_pagination=&#8221;off&#8221; _builder_version=&#8221;4.23.1&#8243; _module_preset=&#8221;default&#8221; custom_margin=&#8221;||9px|||&#8221; custom_padding=&#8221;|50px||50px|false|true&#8221; locked=&#8221;off&#8221; global_colors_info=&#8221;{}&#8221;][\/et_pb_gallery][et_pb_text _builder_version=&#8221;4.23.1&#8243; _module_preset=&#8221;default&#8221; text_font_size=&#8221;15px&#8221; min_height=&#8221;400.8px&#8221; custom_margin=&#8221;||0px|||&#8221; custom_padding=&#8221;20px||20px||false|false&#8221; global_colors_info=&#8221;{}&#8221;]<\/p>\n<h4><span style=\"color: #800000\">Accommodations<\/span><\/h4>\n<p>Budapest offers a range of comfortable and convenient accommodation options near the Basic Medical Science Center (EOK). We recommend booking early, as August is a popular time for tourism in Budapest:<\/p>\n<ul>\n<li><a href=\"https:\/\/www.hotelvision.hu\/\"><strong>Hotel Vision Budapest<\/strong><\/a><br \/>A stylish hotel with stunning views of the Danube.<br \/>Walking distance: 35 minutes<br \/>Public transport: 15 minutes<br \/>Taxi: 10 minutes<\/li>\n<li><a href=\"https:\/\/www.eurostarshotels.co.uk\/eurostars-palazzo-zichy.html\"><strong>Hotel Palazzo Zichy<\/strong><\/a><br \/>A beautifully restored historic building in the heart of the Palace District.<br \/>Walking distance: 20 minutes<br \/>Public transport: 15 minutes<br \/>Taxi: 5 minutes<\/li>\n<li><a href=\"https:\/\/hotelmomentsbudapest.hu\/\"><strong>Hotel Moments Budapest<\/strong><\/a><br \/>Elegant rooms located on the iconic Andr\u00e1ssy Avenue.<br \/>Walking distance: 40 minutes<br \/>Public transport: 15 minutes<br \/>Taxi: 10 minutes<\/li>\n<li><a href=\"https:\/\/www.leonardo-hotels.com\/budapest\/leonardo-hotel-budapest\"><strong>Leonardo Hotel Budapest<\/strong><\/a><br \/>Comfortable rooms within walking distance.<br \/>Walking distance: 7 minutes<br \/>Public transport\/Taxi: Not needed<\/li>\n<li><a href=\"https:\/\/deansbudapest.com\/en\"><strong>Dean&#8217;s Home Budapest<\/strong><\/a><br \/>A budget-friendly choice on-campus, just steps away from EOK.<br \/>Walking distance: 2 minutes<br \/>Public transport\/Taxi: Not needed<\/li>\n<li><strong>Airbnb options:<\/strong> Budapest has a wide selection of Airbnb apartments near the venue.<\/li>\n<\/ul>\n<p>Additionally, our SMRA 2025 team, alongside the Early Career Committee, is working hard to increase accessibility for all by facilitating connections between those who are interested in shared\/split accommodations. If this is something you\u2019d like to hear more about, please reach out directly to the ECC at <a href=\"mailto:ecc@society4mra.org\">ecc@society4mra.org<\/a>.<\/p>\n<p>[\/et_pb_text][et_pb_text _builder_version=&#8221;4.23.1&#8243; _module_preset=&#8221;default&#8221; text_font_size=&#8221;15px&#8221; min_height=&#8221;272.8px&#8221; custom_margin=&#8221;||0px|||&#8221; custom_padding=&#8221;20px||0px||false|false&#8221; global_colors_info=&#8221;{}&#8221;]<\/p>\n<p><a id=\"travel\" style=\"color: #008000\"><\/a><\/p>\n<h4><span style=\"color: #800000\">Travel Recommendations<\/span><\/h4>\n<h4>Arriving at the airport<\/h4>\n<p>Budapest is served by Budapest Ferenc Liszt International Airport (BUD), located approximately 16 km (10 miles) southeast of the city center. Multiple official options are available for transportation into the city, including:<\/p>\n<ul>\n<li><strong>Public transport:<\/strong> 100E Airport shuttle bus, direct service to the city center.<\/li>\n<li><strong>Official taxis (F\u0151taxi):<\/strong> Metered, authorized taxis located directly outside the terminal.<\/li>\n<li><strong>Uber or Bolt:<\/strong> Both applications are available and widely used.<\/li>\n<\/ul>\n<p>More information: <a href=\"https:\/\/www.bud.hu\/en\/passengers\/transport\">https:\/\/www.bud.hu\/en\/passengers\/transport<\/a><\/p>\n<p>&nbsp;<\/p>\n<p>&nbsp;<\/p>\n<p>[\/et_pb_text][et_pb_gallery gallery_ids=&#8221;5580&#8243; posts_number=&#8221;1&#8243; show_title_and_caption=&#8221;off&#8221; show_pagination=&#8221;off&#8221; _builder_version=&#8221;4.23.1&#8243; _module_preset=&#8221;default&#8221; custom_margin=&#8221;||9px|||&#8221; custom_padding=&#8221;|50px||50px|false|true&#8221; locked=&#8221;off&#8221; global_colors_info=&#8221;{}&#8221;][\/et_pb_gallery][et_pb_text _builder_version=&#8221;4.23.1&#8243; _module_preset=&#8221;default&#8221; text_font_size=&#8221;15px&#8221; min_height=&#8221;400.8px&#8221; custom_margin=&#8221;||0px|||&#8221; custom_padding=&#8221;20px||20px||false|false&#8221; global_colors_info=&#8221;{}&#8221;]<\/p>\n<h4>Managing money<\/h4>\n<p>The local currency is the Hungarian Forint (HUF). Credit and debit cards are accepted widely, but some cash may be helpful. ATMs and exchange offices are common.<\/p>\n<h4>Cell phone and internet connectivity<\/h4>\n<p>If you&#8217;re from another EU country, you can use your phone in Hungary with no extra charges under EU roaming rules. Non-EU visitors can rely on free Wi-Fi available in most public places.<\/p>\n<p>&nbsp;<\/p>\n<h4>Getting around<\/h4>\n<ul>\n<li><strong>Walking:<\/strong> Budapest is walkable and safe both day and night. Bring comfortable shoes!<\/li>\n<li><strong>Public transport:<\/strong> Operated by BKK. Use the BudapestGO app for tickets. More info: <a href=\"https:\/\/bkk.hu\/en\/\">https:\/\/bkk.hu\/en\/<\/a><\/li>\n<li><strong>Ride apps:<\/strong> Uber and Bolt are efficient and affordable.<\/li>\n<li><strong>Taxis:<\/strong> Use licensed taxis. Recommended companies include F\u0151taxi, 6X6 Taxi, Taxi 4, and City Taxi.<\/li>\n<\/ul>\n<p>[\/et_pb_text][et_pb_gallery gallery_ids=&#8221;5696,5697&#8243; posts_number=&#8221;2&#8243; show_title_and_caption=&#8221;off&#8221; show_pagination=&#8221;off&#8221; _builder_version=&#8221;4.23.1&#8243; _module_preset=&#8221;default&#8221; custom_margin=&#8221;||9px|||&#8221; custom_padding=&#8221;|50px||50px|false|true&#8221; locked=&#8221;off&#8221; global_colors_info=&#8221;{}&#8221;][\/et_pb_gallery][et_pb_text _builder_version=&#8221;4.23.1&#8243; _module_preset=&#8221;default&#8221; text_font_size=&#8221;15px&#8221; min_height=&#8221;400.8px&#8221; custom_margin=&#8221;||0px|||&#8221; custom_padding=&#8221;20px||20px||false|false&#8221; hover_enabled=&#8221;0&#8243; global_colors_info=&#8221;{}&#8221; disabled_on=&#8221;on|on|on&#8221; disabled=&#8221;on&#8221; sticky_enabled=&#8221;0&#8243;]<\/p>\n<h4 style=\"color: #800000\">Visa Application<\/h4>\n<p>Hungary is a Member State of the Schengen Agreement. Please consult your local consular services: <a href=\"https:\/\/konzinfo.mfa.gov.hu\/en\/how-apply-visa\">https:\/\/konzinfo.mfa.gov.hu\/en\/how-apply-visa<\/a><\/p>\n<p>If you require a visa, contact <a href=\"mailto:smra.events@gmail.com\">smra.events@gmail.com<\/a> with the following:<\/p>\n<ul>\n<li>NAME: ________________<\/li>\n<li>INSTITUTE: _________________________<\/li>\n<li>FULL ADDRESS: ________________________<\/li>\n<li>DATE OF BIRTH: ________________ (Month, day, year)<\/li>\n<li>PASSPORT NUMBER: ________________<\/li>\n<li>PLACE OF ISSUANCE FOR PASSPORT: _____________<\/li>\n<li>EMAIL: ____________________<\/li>\n<\/ul>\n<p>[\/et_pb_text][\/et_pb_column][\/et_pb_row][\/et_pb_section]<\/p>\n","protected":false},"excerpt":{"rendered":"<p>August 21-24, 2025Budapest, Hungary&#8221;MRA Innovations Flowing through Time&#8221;August 21-24, 2025Budapest, Hungary&#8221;MRA Innovations Flowing through Time&#8221;August 21-24, 2025Budapest, Hungary&#8221;MRA Innovations Flowing through Time&#8221;Please consult our Budapest Travel Guide for tip and answers to frequently asked questions Conference Venue The Basic Medical Science Center (Elm\u00e9leti Orvostudom\u00e1nyi K\u00f6zpont, EOK) of Semmelweis University is a modern building with unique [&hellip;]<\/p>\n","protected":false},"author":1,"featured_media":0,"parent":0,"menu_order":0,"comment_status":"closed","ping_status":"closed","template":"","meta":{"_et_pb_use_builder":"on","_et_pb_old_content":"","_et_gb_content_width":"","footnotes":""},"class_list":["post-5530","page","type-page","status-publish","hentry"],"_links":{"self":[{"href":"https:\/\/society4mra.org\/index.php\/wp-json\/wp\/v2\/pages\/5530","targetHints":{"allow":["GET"]}}],"collection":[{"href":"https:\/\/society4mra.org\/index.php\/wp-json\/wp\/v2\/pages"}],"about":[{"href":"https:\/\/society4mra.org\/index.php\/wp-json\/wp\/v2\/types\/page"}],"author":[{"embeddable":true,"href":"https:\/\/society4mra.org\/index.php\/wp-json\/wp\/v2\/users\/1"}],"replies":[{"embeddable":true,"href":"https:\/\/society4mra.org\/index.php\/wp-json\/wp\/v2\/comments?post=5530"}],"version-history":[{"count":39,"href":"https:\/\/society4mra.org\/index.php\/wp-json\/wp\/v2\/pages\/5530\/revisions"}],"predecessor-version":[{"id":5901,"href":"https:\/\/society4mra.org\/index.php\/wp-json\/wp\/v2\/pages\/5530\/revisions\/5901"}],"wp:attachment":[{"href":"https:\/\/society4mra.org\/index.php\/wp-json\/wp\/v2\/media?parent=5530"}],"curies":[{"name":"wp","href":"https:\/\/api.w.org\/{rel}","templated":true}]}}