{"id":5534,"date":"2025-05-15T09:01:24","date_gmt":"2025-05-15T09:01:24","guid":{"rendered":"https:\/\/society4mra.org\/?page_id=5534"},"modified":"2025-08-21T10:06:43","modified_gmt":"2025-08-21T10:06:43","slug":"2025-optional-networking","status":"publish","type":"page","link":"https:\/\/society4mra.org\/index.php\/2025-optional-networking\/","title":{"rendered":"2025 Optional networking"},"content":{"rendered":"<p>[et_pb_section fb_built=&#8221;1&#8243; fullwidth=&#8221;on&#8221; _builder_version=&#8221;4.18.0&#8243; _module_preset=&#8221;default&#8221; width=&#8221;100%&#8221; min_height=&#8221;400px&#8221; height=&#8221;400px&#8221; locked=&#8221;off&#8221; global_colors_info=&#8221;{}&#8221;][et_pb_fullwidth_slider _builder_version=&#8221;4.23.1&#8243; _module_preset=&#8221;default&#8221; width=&#8221;100%&#8221; height=&#8221;400px&#8221; max_height=&#8221;400px&#8221; custom_padding=&#8221;0px||0px||false|false&#8221; auto=&#8221;on&#8221; global_colors_info=&#8221;{}&#8221;][et_pb_slide heading=&#8221;37th Annual International Meeting&#8221; image=&#8221;https:\/\/society4mra.org\/wp-content\/uploads\/2025\/01\/smra_2025_light.png&#8221; use_bg_overlay=&#8221;on&#8221; bg_overlay_color=&#8221;rgba(0,0,0,0.02)&#8221; admin_title=&#8221;parliament&#8221; _builder_version=&#8221;4.23.1&#8243; _module_preset=&#8221;default&#8221; header_level=&#8221;h2&#8243; header_font=&#8221;Roboto|700|||||||&#8221; header_text_align=&#8221;left&#8221; header_text_color=&#8221;#AF0505&#8243; body_font=&#8221;Roboto|700|||||||&#8221; body_text_align=&#8221;left&#8221; body_text_color=&#8221;#FFFFFF&#8221; body_font_size=&#8221;31px&#8221; body_letter_spacing=&#8221;1px&#8221; body_line_height=&#8221;1.6em&#8221; background_enable_color=&#8221;off&#8221; use_background_color_gradient=&#8221;on&#8221; background_color_gradient_stops=&#8221;#d1d1d1 0%|#0c0202 100%&#8221; background_image=&#8221;https:\/\/society4mra.org\/wp-content\/uploads\/2025\/01\/Budapest_photo_2.jpg&#8221; background_enable_image=&#8221;on&#8221; background_blend=&#8221;screen&#8221; text_orientation=&#8221;left&#8221; background_layout=&#8221;light&#8221; body_text_shadow_style=&#8221;preset1&#8243; body_text_shadow_blur_strength=&#8221;0.17em&#8221; body_text_shadow_color=&#8221;#000000&#8243; border_color_all_image=&#8221;#FFFFFF&#8221; text_shadow_style=&#8221;preset1&#8243; text_shadow_color=&#8221;#000000&#8243; global_colors_info=&#8221;{}&#8221; sticky_transition=&#8221;on&#8221;]<\/p>\n<p>August 21-24, 2025<br \/>Budapest, Hungary<br \/>&#8220;MRA Innovations Flowing through Time&#8221;<\/p>\n<p>[\/et_pb_slide][et_pb_slide heading=&#8221;37th Annual International Meeting&#8221; image=&#8221;https:\/\/society4mra.org\/wp-content\/uploads\/2025\/01\/smra_2025_light.png&#8221; use_bg_overlay=&#8221;on&#8221; bg_overlay_color=&#8221;rgba(0,0,0,0.02)&#8221; admin_title=&#8221;night&#8221; _builder_version=&#8221;4.23.1&#8243; _module_preset=&#8221;default&#8221; header_level=&#8221;h2&#8243; header_font=&#8221;Roboto|700|||||||&#8221; header_text_align=&#8221;left&#8221; header_text_color=&#8221;#af0505&#8243; body_font=&#8221;Roboto|700|||||||&#8221; body_text_align=&#8221;left&#8221; body_text_color=&#8221;#FFFFFF&#8221; body_font_size=&#8221;31px&#8221; body_letter_spacing=&#8221;1px&#8221; body_line_height=&#8221;1.6em&#8221; background_enable_color=&#8221;off&#8221; background_image=&#8221;https:\/\/society4mra.org\/wp-content\/uploads\/2025\/01\/Budapest_photo_0.jpg&#8221; background_enable_image=&#8221;on&#8221; text_orientation=&#8221;left&#8221; background_layout=&#8221;light&#8221; body_text_shadow_style=&#8221;preset1&#8243; body_text_shadow_blur_strength=&#8221;0.17em&#8221; body_text_shadow_color=&#8221;#000000&#8243; border_color_all_image=&#8221;#FFFFFF&#8221; text_shadow_style=&#8221;preset1&#8243; text_shadow_horizontal_length=&#8221;0.16em&#8221; text_shadow_vertical_length=&#8221;0.16em&#8221; text_shadow_blur_strength=&#8221;0.23em&#8221; text_shadow_color=&#8221;#000000&#8243; global_colors_info=&#8221;{}&#8221; sticky_transition=&#8221;on&#8221;]<\/p>\n<p>August 21-24, 2025<br \/>Budapest, Hungary<br \/>&#8220;MRA Innovations Flowing through Time&#8221;<\/p>\n<p>[\/et_pb_slide][et_pb_slide heading=&#8221;37th Annual International Meeting&#8221; image=&#8221;https:\/\/society4mra.org\/wp-content\/uploads\/2025\/01\/smra_2025_light.png&#8221; use_bg_overlay=&#8221;on&#8221; bg_overlay_color=&#8221;rgba(0,0,0,0.02)&#8221; admin_title=&#8221;day&#8221; _builder_version=&#8221;4.23.1&#8243; _module_preset=&#8221;default&#8221; header_level=&#8221;h2&#8243; header_font=&#8221;Roboto|700|||||||&#8221; header_text_align=&#8221;left&#8221; header_text_color=&#8221;#b50303&#8243; body_font=&#8221;Roboto|700|||||||&#8221; body_text_align=&#8221;left&#8221; body_text_color=&#8221;#FFFFFF&#8221; body_font_size=&#8221;31px&#8221; body_letter_spacing=&#8221;1px&#8221; body_line_height=&#8221;1.6em&#8221; background_enable_color=&#8221;off&#8221; background_image=&#8221;https:\/\/society4mra.org\/wp-content\/uploads\/2025\/01\/Budapest_photo_1.jpg&#8221; background_enable_image=&#8221;on&#8221; text_orientation=&#8221;left&#8221; background_layout=&#8221;light&#8221; body_text_shadow_style=&#8221;preset1&#8243; body_text_shadow_blur_strength=&#8221;0.17em&#8221; body_text_shadow_color=&#8221;#000000&#8243; border_color_all_image=&#8221;#FFFFFF&#8221; text_shadow_style=&#8221;preset1&#8243; text_shadow_color=&#8221;#000000&#8243; global_colors_info=&#8221;{}&#8221; sticky_transition=&#8221;on&#8221;]<\/p>\n<p>August 21-24, 2025<br \/>Budapest, Hungary<br \/>&#8220;MRA Innovations Flowing through Time&#8221;<\/p>\n<p>[\/et_pb_slide][\/et_pb_fullwidth_slider][\/et_pb_section][et_pb_section fb_built=&#8221;1&#8243; admin_label=&#8221;Our Services&#8221; _builder_version=&#8221;4.18.0&#8243; background_color=&#8221;rgba(221,221,221,0.6)&#8221; custom_margin=&#8221;0px||0px|0px|false|false&#8221; custom_padding=&#8221;0px|0px|100px|0px|false|false&#8221; bottom_divider_style=&#8221;wave2&#8243; bottom_divider_color=&#8221;#adadad&#8221; global_colors_info=&#8221;{}&#8221;][et_pb_row _builder_version=&#8221;4.18.0&#8243; _module_preset=&#8221;default&#8221; background_color=&#8221;RGBA(255,255,255,0)&#8221; locked=&#8221;off&#8221; global_colors_info=&#8221;{}&#8221;][et_pb_column type=&#8221;4_4&#8243; _builder_version=&#8221;4.18.0&#8243; _module_preset=&#8221;default&#8221; background_color=&#8221;#1F5351&#8243; global_colors_info=&#8221;{}&#8221;][et_pb_menu menu_id=&#8221;494&#8243; active_link_color=&#8221;#840B0B&#8221; _builder_version=&#8221;4.23.1&#8243; _module_preset=&#8221;default&#8221; menu_font=&#8221;|700|||||||&#8221; menu_text_color=&#8221;#1F5351&#8243; menu_font_size=&#8221;16px&#8221; background_color=&#8221;#DDDDDD&#8221; custom_padding=&#8221;5px|15px|5px|15px|true|true&#8221; locked=&#8221;off&#8221; global_colors_info=&#8221;{}&#8221;][\/et_pb_menu][\/et_pb_column][\/et_pb_row][et_pb_row _builder_version=&#8221;4.18.0&#8243; _module_preset=&#8221;default&#8221; min_height=&#8221;100px&#8221; custom_padding=&#8221;0px||0px||false|false&#8221; global_colors_info=&#8221;{}&#8221;][et_pb_column type=&#8221;4_4&#8243; _builder_version=&#8221;4.16&#8243; _module_preset=&#8221;default&#8221; global_colors_info=&#8221;{}&#8221;][et_pb_text _builder_version=&#8221;4.23.1&#8243; _module_preset=&#8221;default&#8221; text_font_size=&#8221;15px&#8221; min_height=&#8221;313.8px&#8221; custom_margin=&#8221;||0px|||&#8221; custom_padding=&#8221;20px||20px||false|false&#8221; global_colors_info=&#8221;{}&#8221;]<\/p>\n<h4><span style=\"color: #800000\">Optional networking conference dinners<\/span><\/h4>\n<p>Enhance your SMRA 2025 experience by joining our evening networking events! These optional dinners are designed to offer a perfect blend of Budapest&#8217;s charm, culinary delights, and meaningful connections with fellow professionals. <em><span>\u00a0<\/span><\/em><\/p>\n<p>&nbsp;<\/p>\n<h4><span style=\"color: #800000\">Welcome reception \u2013 Thursday, August 21, 2025<\/span><\/h4>\n<p>Our Welcome Reception at the Basic Medical Science Center of Semmelweis University, the main venue of SMRA 2025, provides an opportunity to meet fellow participants, engage with distinguished speakers, and set the stage for insightful discussions in the days to come.<\/p>\n<p><strong>Location:<\/strong> Basic Medical Center, Semmelweis University, T\u0171zolt\u00f3 street 37-47., 1094 Budapest<br \/><strong>Time:<\/strong> 6:00 PM \u2013 8:00 PM<br \/><strong>Cost:<\/strong> Free with registration<br \/><strong>Includes:<\/strong> Finger food, drinks<\/p>\n<p>[\/et_pb_text][et_pb_gallery gallery_ids=&#8221;5551&#8243; posts_number=&#8221;1&#8243; show_title_and_caption=&#8221;off&#8221; show_pagination=&#8221;off&#8221; _builder_version=&#8221;4.23.1&#8243; _module_preset=&#8221;default&#8221; custom_padding=&#8221;|50px||50px|false|true&#8221; locked=&#8221;off&#8221; global_colors_info=&#8221;{}&#8221;][\/et_pb_gallery][et_pb_text _builder_version=&#8221;4.23.1&#8243; _module_preset=&#8221;default&#8221; text_font_size=&#8221;15px&#8221; min_height=&#8221;400.8px&#8221; custom_margin=&#8221;||0px|||&#8221; custom_padding=&#8221;20px||0px||false|false&#8221; global_colors_info=&#8221;{}&#8221;]<\/p>\n<h4><span style=\"color: #800000\">Cruise networking dinner on the Danube \u2013 Friday, August 22, 2025<\/span><\/h4>\n<p>Sail through the heart of Budapest aboard the elegant River Diva Boat and enjoy breathtaking panoramic views of the city&#8217;s most iconic landmarks\u2014Parliament, Buda Castle, Chain Bridge, and Gell\u00e9rt Hill\u2014illuminated against the night sky. Enjoy a unique dining experience featuring local cuisine, complemented by an atmosphere perfect for networking and conversation.<\/p>\n<p><strong>The networking dinner includes:<\/strong><\/p>\n<ul>\n<li>Welcome drink and snacks on board<\/li>\n<li>Full-course dinner with local specialties<\/li>\n<li>A selection of Hungarian wines, beer and non-alcoholic drinks<\/li>\n<li>Open-air deck with grill and stunning views<\/li>\n<\/ul>\n<p><strong style=\"font-size: 15px\">Additional information:<\/strong><\/p>\n<ul>\n<li><strong>Location:<\/strong> River Diva Event Boat, Danube River: K<span>ossuth Square BKK dock is 1055 Budapest, Kossuth t\u00e9r 1\u20133.<\/span><\/li>\n<li><strong>Time:<\/strong> <span>\u00a0<\/span><span>Event starts at 6:45 PM\u00a0 \/ Boarding starts at 7 pm and Cruise departs at 7:15 pm sharp.<\/span><\/li>\n<li><strong>Duration:<\/strong> <span>\u00a0\u00a0<\/span><span>7:15 pm to 9:45 pm<\/span><\/li>\n<li><strong>Website:<\/strong> <a href=\"https:\/\/riverdiva.hu\/en\/\">https:\/\/riverdiva.hu\/en\/<\/a><\/li>\n<li><strong>Cost:<\/strong> Ticketed event, $25.00 each (tickets must be purchased in advance)<\/li>\n<li><strong>Attire:<\/strong> Business casual<\/li>\n<li><strong>Delegates to meet in front of the Parliament Building on the Danube side (exact address will be on your ticket)<\/strong><\/li>\n<\/ul>\n<p><em><span>*Please note: This networking cruise is not sponsored directly or indirectly by the MedTech Europe or EFPIA members.<\/span><\/em><\/p>\n<p>&nbsp;<\/p>\n<p>[\/et_pb_text][et_pb_gallery gallery_ids=&#8221;5609,5612,5613&#8243; posts_number=&#8221;3&#8243; show_title_and_caption=&#8221;off&#8221; show_pagination=&#8221;off&#8221; _builder_version=&#8221;4.23.1&#8243; _module_preset=&#8221;default&#8221; custom_padding=&#8221;|50px||50px|false|true&#8221; locked=&#8221;off&#8221; global_colors_info=&#8221;{}&#8221;][\/et_pb_gallery][et_pb_text _builder_version=&#8221;4.23.1&#8243; _module_preset=&#8221;default&#8221; text_font_size=&#8221;15px&#8221; min_height=&#8221;400.8px&#8221; custom_margin=&#8221;||0px|||&#8221; custom_padding=&#8221;20px||20px||false|false&#8221; global_colors_info=&#8221;{}&#8221;]<\/p>\n<h4><span style=\"color: #800000\">Networking dinner at Millennium Caf\u00e9 \u2013 Saturday, August 23, 2025<\/span><\/h4>\n<p>Step into the grandeur of Budapest&#8217;s past at the Millennium H\u00e1za, also known as the House of the Hungarian Millennium. Being the oldest building located in the scenic City Park (V\u00e1rosliget), this beautifully restored Neo-Renaissance building is a cultural gem, originally designed in 1885 by architect Ferenc Pfaff. With its ornate Zsolnay ceramic d\u00e9cor, elegant interiors, and a surrounding rose garden, the venue offers a perfect blend of history and sophistication.<\/p>\n<p>You can enjoy an exquisite multi-course dinner in this iconic setting, with a focus on Hungarian cuisine, making it an unforgettable night of networking and cultural immersion.<\/p>\n<p><strong>The networking dinner includes:<\/strong><\/p>\n<ul>\n<li>Welcome drink and snacks<\/li>\n<li>Full-course dinner with local specialties<\/li>\n<li>A selection of Hungarian wines, beer and non-alcoholic drinks<\/li>\n<\/ul>\n<p><strong>Location:<\/strong> Millennium H\u00e1za, Olof Palme stny. 1, 1146 Budapest (City Park)<br \/><strong>Website:<\/strong> <a href=\"https:\/\/www.millenniumkavehaz.hu\/english\">https:\/\/www.millenniumkavehaz.hu\/english<\/a><br \/><strong>Cost:<\/strong> Ticketed event, $25.00 each (tickets must be purchased in advance)<br \/><strong>Attire:<\/strong> Business casual<\/p>\n<p>\u00a0<span style=\"font-size: 15px\">\u00a0<\/span><\/p>\n<p>[\/et_pb_text][et_pb_gallery gallery_ids=&#8221;5616,5618,5620,5621&#8243; show_title_and_caption=&#8221;off&#8221; show_pagination=&#8221;off&#8221; _builder_version=&#8221;4.23.1&#8243; _module_preset=&#8221;default&#8221; custom_padding=&#8221;|50px||50px|false|true&#8221; locked=&#8221;off&#8221; global_colors_info=&#8221;{}&#8221;][\/et_pb_gallery][et_pb_text _builder_version=&#8221;4.23.1&#8243; _module_preset=&#8221;default&#8221; text_font_size=&#8221;15px&#8221; min_height=&#8221;400.8px&#8221; custom_margin=&#8221;||0px|||&#8221; custom_padding=&#8221;20px||20px||false|false&#8221; global_colors_info=&#8221;{}&#8221;]<\/p>\n<h4><span style=\"color: #800000\">Optional post-conference program<\/span><\/h4>\n<h4><span style=\"color: #800000\">L\u00e1z\u00e1r Equestrian Park, Domonyv\u00f6lgy \u2013 Sunday, August 24, 2025<\/span><\/h4>\n<p>Conclude your SMRA 2025 experience with an unforgettable visit to the renowned L\u00e1z\u00e1r Equestrian Park, located just outside Budapest in the beautiful Domonyv\u00f6lgy countryside. Founded by the legendary L\u00e1z\u00e1r brothers\u2014world champions in carriage driving\u2014the park showcases Hungary&#8217;s rich equestrian heritage with a spectacular live horse show featuring traditional horsemanship, carriage driving, and horseback archery. Following the show, guests will be treated to a traditional Hungarian lunch, accompanied by live folk music and dance performance, celebrating the rich cultural heritage of Hungary.<\/p>\n<p><strong>The program includes:<\/strong><\/p>\n<ul>\n<li><span>\u00a0<\/span><span>Bus will depart from Hotel Vision at 2 pm sharp.<\/span><\/li>\n<li>Welcome snacks and drinks<\/li>\n<li>Traditional Hungarian equestrian show<\/li>\n<li>Guided tour of the park and stables<\/li>\n<li>Authentic Hungarian lunch with drinks<\/li>\n<li>Live folk music and dance performance<\/li>\n<\/ul>\n<p><strong>Location:<\/strong> Feny\u0151 utca 47, Domony 2182 Hungary<br \/><strong>Website:<\/strong> <a href=\"https:\/\/lazarlovaspark.hu\/en\/\">https:\/\/lazarlovaspark.hu\/en\/<\/a><br \/><strong>Cost:<\/strong> Ticketed event, $85.00 each (tickets must be purchased in advance)<br \/><strong>Attire:<\/strong> Casual<\/p>\n<p>&nbsp;<\/p>\n<p>[\/et_pb_text][et_pb_gallery gallery_ids=&#8221;5624,5625,5627,5630&#8243; show_title_and_caption=&#8221;off&#8221; show_pagination=&#8221;off&#8221; _builder_version=&#8221;4.23.1&#8243; _module_preset=&#8221;default&#8221; custom_padding=&#8221;|50px||50px|false|true&#8221; locked=&#8221;off&#8221; global_colors_info=&#8221;{}&#8221;][\/et_pb_gallery][\/et_pb_column][\/et_pb_row][\/et_pb_section]<\/p>\n","protected":false},"excerpt":{"rendered":"<p>August 21-24, 2025Budapest, Hungary&#8221;MRA Innovations Flowing through Time&#8221;August 21-24, 2025Budapest, Hungary&#8221;MRA Innovations Flowing through Time&#8221;August 21-24, 2025Budapest, Hungary&#8221;MRA Innovations Flowing through Time&#8221;Optional networking conference dinners Enhance your SMRA 2025 experience by joining our evening networking events! These optional dinners are designed to offer a perfect blend of Budapest&#8217;s charm, culinary delights, and meaningful connections with [&hellip;]<\/p>\n","protected":false},"author":1,"featured_media":0,"parent":0,"menu_order":0,"comment_status":"closed","ping_status":"closed","template":"","meta":{"_et_pb_use_builder":"on","_et_pb_old_content":"","_et_gb_content_width":"","footnotes":""},"class_list":["post-5534","page","type-page","status-publish","hentry"],"_links":{"self":[{"href":"https:\/\/society4mra.org\/index.php\/wp-json\/wp\/v2\/pages\/5534","targetHints":{"allow":["GET"]}}],"collection":[{"href":"https:\/\/society4mra.org\/index.php\/wp-json\/wp\/v2\/pages"}],"about":[{"href":"https:\/\/society4mra.org\/index.php\/wp-json\/wp\/v2\/types\/page"}],"author":[{"embeddable":true,"href":"https:\/\/society4mra.org\/index.php\/wp-json\/wp\/v2\/users\/1"}],"replies":[{"embeddable":true,"href":"https:\/\/society4mra.org\/index.php\/wp-json\/wp\/v2\/comments?post=5534"}],"version-history":[{"count":36,"href":"https:\/\/society4mra.org\/index.php\/wp-json\/wp\/v2\/pages\/5534\/revisions"}],"predecessor-version":[{"id":5914,"href":"https:\/\/society4mra.org\/index.php\/wp-json\/wp\/v2\/pages\/5534\/revisions\/5914"}],"wp:attachment":[{"href":"https:\/\/society4mra.org\/index.php\/wp-json\/wp\/v2\/media?parent=5534"}],"curies":[{"name":"wp","href":"https:\/\/api.w.org\/{rel}","templated":true}]}}