{"id":5639,"date":"2025-05-15T16:33:11","date_gmt":"2025-05-15T16:33:11","guid":{"rendered":"https:\/\/society4mra.org\/?page_id=5639"},"modified":"2025-08-15T07:27:26","modified_gmt":"2025-08-15T07:27:26","slug":"2025-guest-program","status":"publish","type":"page","link":"https:\/\/society4mra.org\/index.php\/2025-guest-program\/","title":{"rendered":"2025 Guest Program"},"content":{"rendered":"<p>[et_pb_section fb_built=&#8221;1&#8243; fullwidth=&#8221;on&#8221; _builder_version=&#8221;4.18.0&#8243; _module_preset=&#8221;default&#8221; width=&#8221;100%&#8221; min_height=&#8221;400px&#8221; height=&#8221;400px&#8221; locked=&#8221;off&#8221; global_colors_info=&#8221;{}&#8221;][et_pb_fullwidth_slider _builder_version=&#8221;4.23.1&#8243; _module_preset=&#8221;default&#8221; width=&#8221;100%&#8221; height=&#8221;400px&#8221; max_height=&#8221;400px&#8221; custom_padding=&#8221;0px||0px||false|false&#8221; auto=&#8221;on&#8221; global_colors_info=&#8221;{}&#8221;][et_pb_slide heading=&#8221;37th Annual International Meeting&#8221; image=&#8221;https:\/\/society4mra.org\/wp-content\/uploads\/2025\/01\/smra_2025_light.png&#8221; use_bg_overlay=&#8221;on&#8221; bg_overlay_color=&#8221;rgba(0,0,0,0.02)&#8221; admin_title=&#8221;parliament&#8221; _builder_version=&#8221;4.23.1&#8243; _module_preset=&#8221;default&#8221; header_level=&#8221;h2&#8243; header_font=&#8221;Roboto|700|||||||&#8221; header_text_align=&#8221;left&#8221; header_text_color=&#8221;#AF0505&#8243; body_font=&#8221;Roboto|700|||||||&#8221; body_text_align=&#8221;left&#8221; body_text_color=&#8221;#FFFFFF&#8221; body_font_size=&#8221;31px&#8221; body_letter_spacing=&#8221;1px&#8221; body_line_height=&#8221;1.6em&#8221; background_enable_color=&#8221;off&#8221; use_background_color_gradient=&#8221;on&#8221; background_color_gradient_stops=&#8221;#d1d1d1 0%|#0c0202 100%&#8221; background_image=&#8221;https:\/\/society4mra.org\/wp-content\/uploads\/2025\/01\/Budapest_photo_2.jpg&#8221; background_enable_image=&#8221;on&#8221; background_blend=&#8221;screen&#8221; text_orientation=&#8221;left&#8221; background_layout=&#8221;light&#8221; body_text_shadow_style=&#8221;preset1&#8243; body_text_shadow_blur_strength=&#8221;0.17em&#8221; body_text_shadow_color=&#8221;#000000&#8243; border_color_all_image=&#8221;#FFFFFF&#8221; text_shadow_style=&#8221;preset1&#8243; text_shadow_color=&#8221;#000000&#8243; global_colors_info=&#8221;{}&#8221; sticky_transition=&#8221;on&#8221;]<\/p>\n<p>August 21-24, 2025<br \/>Budapest, Hungary<br \/>&#8220;MRA Innovations Flowing through Time&#8221;<\/p>\n<p>[\/et_pb_slide][et_pb_slide heading=&#8221;37th Annual International Meeting&#8221; image=&#8221;https:\/\/society4mra.org\/wp-content\/uploads\/2025\/01\/smra_2025_light.png&#8221; use_bg_overlay=&#8221;on&#8221; bg_overlay_color=&#8221;rgba(0,0,0,0.02)&#8221; admin_title=&#8221;night&#8221; _builder_version=&#8221;4.23.1&#8243; _module_preset=&#8221;default&#8221; header_level=&#8221;h2&#8243; header_font=&#8221;Roboto|700|||||||&#8221; header_text_align=&#8221;left&#8221; header_text_color=&#8221;#af0505&#8243; body_font=&#8221;Roboto|700|||||||&#8221; body_text_align=&#8221;left&#8221; body_text_color=&#8221;#FFFFFF&#8221; body_font_size=&#8221;31px&#8221; body_letter_spacing=&#8221;1px&#8221; body_line_height=&#8221;1.6em&#8221; background_enable_color=&#8221;off&#8221; background_image=&#8221;https:\/\/society4mra.org\/wp-content\/uploads\/2025\/01\/Budapest_photo_0.jpg&#8221; background_enable_image=&#8221;on&#8221; text_orientation=&#8221;left&#8221; background_layout=&#8221;light&#8221; body_text_shadow_style=&#8221;preset1&#8243; body_text_shadow_blur_strength=&#8221;0.17em&#8221; body_text_shadow_color=&#8221;#000000&#8243; border_color_all_image=&#8221;#FFFFFF&#8221; text_shadow_style=&#8221;preset1&#8243; text_shadow_horizontal_length=&#8221;0.16em&#8221; text_shadow_vertical_length=&#8221;0.16em&#8221; text_shadow_blur_strength=&#8221;0.23em&#8221; text_shadow_color=&#8221;#000000&#8243; global_colors_info=&#8221;{}&#8221; sticky_transition=&#8221;on&#8221;]<\/p>\n<p>August 21-24, 2025<br \/>Budapest, Hungary<br \/>&#8220;MRA Innovations Flowing through Time&#8221;<\/p>\n<p>[\/et_pb_slide][et_pb_slide heading=&#8221;37th Annual International Meeting&#8221; image=&#8221;https:\/\/society4mra.org\/wp-content\/uploads\/2025\/01\/smra_2025_light.png&#8221; use_bg_overlay=&#8221;on&#8221; bg_overlay_color=&#8221;rgba(0,0,0,0.02)&#8221; admin_title=&#8221;day&#8221; _builder_version=&#8221;4.23.1&#8243; _module_preset=&#8221;default&#8221; header_level=&#8221;h2&#8243; header_font=&#8221;Roboto|700|||||||&#8221; header_text_align=&#8221;left&#8221; header_text_color=&#8221;#b50303&#8243; body_font=&#8221;Roboto|700|||||||&#8221; body_text_align=&#8221;left&#8221; body_text_color=&#8221;#FFFFFF&#8221; body_font_size=&#8221;31px&#8221; body_letter_spacing=&#8221;1px&#8221; body_line_height=&#8221;1.6em&#8221; background_enable_color=&#8221;off&#8221; background_image=&#8221;https:\/\/society4mra.org\/wp-content\/uploads\/2025\/01\/Budapest_photo_1.jpg&#8221; background_enable_image=&#8221;on&#8221; text_orientation=&#8221;left&#8221; background_layout=&#8221;light&#8221; body_text_shadow_style=&#8221;preset1&#8243; body_text_shadow_blur_strength=&#8221;0.17em&#8221; body_text_shadow_color=&#8221;#000000&#8243; border_color_all_image=&#8221;#FFFFFF&#8221; text_shadow_style=&#8221;preset1&#8243; text_shadow_color=&#8221;#000000&#8243; global_colors_info=&#8221;{}&#8221; sticky_transition=&#8221;on&#8221;]<\/p>\n<p>August 21-24, 2025<br \/>Budapest, Hungary<br \/>&#8220;MRA Innovations Flowing through Time&#8221;<\/p>\n<p>[\/et_pb_slide][\/et_pb_fullwidth_slider][\/et_pb_section][et_pb_section fb_built=&#8221;1&#8243; admin_label=&#8221;Our Services&#8221; _builder_version=&#8221;4.18.0&#8243; background_color=&#8221;rgba(221,221,221,0.6)&#8221; custom_margin=&#8221;0px||0px|0px|false|false&#8221; custom_padding=&#8221;0px|0px|100px|0px|false|false&#8221; bottom_divider_style=&#8221;wave2&#8243; bottom_divider_color=&#8221;#adadad&#8221; global_colors_info=&#8221;{}&#8221;][et_pb_row _builder_version=&#8221;4.18.0&#8243; _module_preset=&#8221;default&#8221; background_color=&#8221;RGBA(255,255,255,0)&#8221; locked=&#8221;off&#8221; global_colors_info=&#8221;{}&#8221;][et_pb_column type=&#8221;4_4&#8243; _builder_version=&#8221;4.18.0&#8243; _module_preset=&#8221;default&#8221; background_color=&#8221;#1F5351&#8243; global_colors_info=&#8221;{}&#8221;][et_pb_menu menu_id=&#8221;494&#8243; active_link_color=&#8221;#840B0B&#8221; _builder_version=&#8221;4.23.1&#8243; _module_preset=&#8221;default&#8221; menu_font=&#8221;|700|||||||&#8221; menu_text_color=&#8221;#1F5351&#8243; menu_font_size=&#8221;16px&#8221; background_color=&#8221;#DDDDDD&#8221; custom_padding=&#8221;5px|15px|5px|15px|true|true&#8221; locked=&#8221;off&#8221; global_colors_info=&#8221;{}&#8221;][\/et_pb_menu][\/et_pb_column][\/et_pb_row][et_pb_row _builder_version=&#8221;4.18.0&#8243; _module_preset=&#8221;default&#8221; min_height=&#8221;100px&#8221; custom_padding=&#8221;0px||0px||false|false&#8221; global_colors_info=&#8221;{}&#8221;][et_pb_column type=&#8221;4_4&#8243; _builder_version=&#8221;4.16&#8243; _module_preset=&#8221;default&#8221; global_colors_info=&#8221;{}&#8221;][et_pb_text _builder_version=&#8221;4.23.1&#8243; _module_preset=&#8221;default&#8221; text_font_size=&#8221;15px&#8221; min_height=&#8221;313.8px&#8221; custom_margin=&#8221;||0px|||&#8221; custom_padding=&#8221;20px||20px||false|false&#8221; global_colors_info=&#8221;{}&#8221;]<\/p>\n<h4><span style=\"color: #800000\">DAYTIME GUEST PROGRAM for SMRA 2025<\/span><\/h4>\n<p style=\"padding-left: 40px\"><span style=\"color: #000000\"><span style=\"font-weight: 400\">As always, families, friends, and partners are warmly welcome! We\u2019re excited to offer a memorable <\/span><b>Guest Day Program<\/b><span style=\"font-weight: 400\"> for those traveling with SMRA attendees. While delegates participate in the scientific program, guests are invited to explore Budapest\u2019s rich culture, history, and charm together as a group.<\/span><\/span><\/p>\n<p style=\"padding-left: 40px\"><span style=\"font-weight: 400;color: #000000\">We\u2019ve curated a special experience that includes iconic landmarks, panoramic views, and authentic Hungarian cuisine. A WhatsApp group will be created to ensure smooth communication. We\u2019ve outlined the details below to the best of our ability, but please note plans are subject to change.<\/span><\/p>\n<p style=\"padding-left: 40px\"><span style=\"font-weight: 400;color: #000000\"><span>Please note that, according to Hungarian insurance providers, the risks arising from our guiding activity are typically covered by the guests\u2019\u00a0<strong>own travel insurance.\u00a0<\/strong>This agenda is subject to change and may be impacted by the national holiday taking place on August 20, 2025. Your host will be able to support your questions and make you aware of any changes.\u00a0\u00a0<\/span><\/span><\/p>\n<p style=\"padding-left: 40px\"><span style=\"color: #000000\"><b>Cost of 3-Day program: $190.00 USD per person<\/b><\/span><\/p>\n<p style=\"padding-left: 40px\"><span style=\"color: #000000\"><b>Organizer: Behind Budapest alongside Eva Toth<\/b><\/span><\/p>\n<p style=\"padding-left: 40px\"><span style=\"color: #000000\"><b><img loading=\"lazy\" decoding=\"async\" src=\"https:\/\/society4mra.org\/wp-content\/uploads\/2025\/07\/BehindBudapest_logo_2025-300x221.png\" width=\"150\" height=\"221\" alt=\"\" \/><\/b><\/span><\/p>\n<p style=\"padding-left: 80px\">\n<p>[\/et_pb_text][et_pb_text _builder_version=&#8221;4.23.1&#8243; _module_preset=&#8221;default&#8221; text_font_size=&#8221;15px&#8221; min_height=&#8221;313.8px&#8221; custom_margin=&#8221;||0px|||&#8221; custom_padding=&#8221;20px||20px||false|false&#8221; global_colors_info=&#8221;{}&#8221;]<\/p>\n<div style=\"font-size: 90%; line-height: 1.4;\">\n<p><span style=\"color: #800000;\"><strong><u>DAY 1, Thursday, August 21<\/u><\/strong><\/span><\/p>\n<p><span style=\"color: #800000;\"><strong>CASTLE DISTRICT (BUDA SIDE)<\/strong><\/span><\/p>\n<ul>\n<li style=\"list-style-type: none;\"><\/li>\n<\/ul>\n<p>&nbsp;<\/p>\n<\/div>\n<p style=\"padding-left: 80px;\"><span style=\"color: #000000;\"> 9:30 AM: Departure from Hotel Vision, walking and using public transport (BKK) to the Buda Castle District.<br \/><\/span><\/p>\n<p style=\"padding-left: 80px;\"><span style=\"color: #000000;\"><br \/>10:30 AM: Visit to the Fisherman&#8217;s Bastion (only the parts where no ticket is required).<br \/><\/span><\/p>\n<p style=\"padding-left: 80px;\"><span style=\"color: #000000;\"><br \/>11:00 AM: Visit to Matthias Church with a private organ concert (tickets paid in advance). \u2013 awaiting final confirmation on organist &#8211; tba<br \/><\/span><\/p>\n<p style=\"padding-left: 80px;\"><span style=\"color: #000000;\">Guided walking tour in the northern part of the Buda Castle including the M\u00e1ria Tower, National Archive, etc. (only exterior visit)<br \/><\/span><\/p>\n<p style=\"padding-left: 80px;\"><span style=\"color: #000000;\"><br \/>12:00 PM &#8211; 1:30 PM: Lunch on your own at one of the following recommended restaurants:<br \/><\/span><span style=\"color: #000000;\"><strong>21 Bistro<\/strong> \u2013 Address: 21 F\u0151 utca, 1011 Budapest (Modern bistro with Hungarian and international cuisine).<br \/><\/span><span style=\"color: #000000;\"><strong>Feh\u00e9r Holl\u00f3<\/strong> \u2013 Address: 5 Szenth\u00e1roms\u00e1g t\u00e9r, 1014 Budapest (Traditional Hungarian food with a cozy atmosphere).<br \/><\/span><span style=\"color: #000000;\"><strong>Sp\u00edler Beergarten<\/strong> \u2013 Address: 1-3 Szenth\u00e1roms\u00e1g utca, 1014 Budapest (Casual beer garden offering craft beers and hearty pub food)<\/span><\/p>\n<p style=\"padding-left: 80px;\"><span style=\"color: #800000; font-weight: bold;\"><br \/>Please note: Lunch is self-funded, and there are no reservations at the mentioned restaurants (see Note 1 below)<br \/><\/span><\/p>\n<p style=\"padding-left: 80px;\"><span style=\"color: #000000;\"><br \/>1:30 PM: Meeting at Szenth\u00e1roms\u00e1g Square.<br \/><\/span><\/p>\n<p style=\"padding-left: 80px;\"><span style=\"color: #000000;\"><br \/>1:30 PM &#8211; 3:30 PM: Guided walking tour of the southern part of the Buda Castle District, including the Royal Palace, Royan Stables, Riding Hall, Csik\u00f3s Courtyard, Castle Garden Bazaar and more.<br \/><\/span><\/p>\n<p style=\"padding-left: 80px;\"><span style=\"color: #000000;\"><br \/>3:30 PM: Return to Hotel Vision.<br \/><\/span><\/p>\n<p>[\/et_pb_text][et_pb_gallery gallery_ids=&#8221;5663,5662,5661,5660&#8243; show_title_and_caption=&#8221;off&#8221; show_pagination=&#8221;off&#8221; _builder_version=&#8221;4.23.1&#8243; _module_preset=&#8221;default&#8221; custom_padding=&#8221;|50px||50px|false|true&#8221; global_colors_info=&#8221;{}&#8221;][\/et_pb_gallery][et_pb_text _builder_version=&#8221;4.23.1&#8243; _module_preset=&#8221;default&#8221; global_colors_info=&#8221;{}&#8221;]<\/p>\n<p><span style=\"color: #800000;\"><strong><u>AY 2, Friday, August 22, 2025<\/u><\/strong><\/span><\/p>\n<p><span style=\"color: #800000;\"><strong>HERO&#8217;S SQUARE AREA (PEST SIDE):<\/strong><\/span><\/p>\n<ul>\n<li style=\"list-style-type: none;\">\n<ul><\/ul>\n<\/li>\n<\/ul>\n<p style=\"padding-left: 80px;\"><span style=\"color: #000000;\">9:30 AM: Departure from Hotel Vision by private coach to explore the City Park.<br \/>Scenic drive along Andr\u00e1ssy Avenue, passing the Opera House, the House of Terror Museum, and the old Music Academy.<br \/>Guided walking tour in the City Park (Heroes&#8217; Square, Sz\u00e9chenyi Bath, and the Zoo).<br \/><\/span><\/p>\n<p style=\"padding-left: 80px;\"><span style=\"color: #000000;\"><\/span><\/p>\n<p style=\"padding-left: 80px;\"><span style=\"color: #000000;\">11:00 AM: Visit to the Museum of Fine Arts with a guided tour (entrance fees are included in the price).<br \/><\/span><\/p>\n<p style=\"padding-left: 80px;\"><span style=\"color: #000000;\"><\/span><\/p>\n<p style=\"padding-left: 80px;\"><span style=\"color: #000000;\">12:00 PM &#8211; 1:00 PM: Discover the area around the City Park \u2014 Vajdahunyad Castle, Lugosi and George W. Bush statues, House of Hungarian Music, and the 1956 Memorial.<br \/><\/span><\/p>\n<p style=\"padding-left: 80px;\"><span style=\"color: #000000;\"><\/span><\/p>\n<p style=\"padding-left: 80px;\"><span style=\"color: #000000;\">1:00 PM &#8211; 2:30 PM: Lunch on your own at one of the following recommended restaurants:<br \/><strong>ETNO Bistro <\/strong>\u2013 Address: <span>\u00a0D\u00f3zsa Gy\u00f6rgy \u00fat 35, 1146 Budapest <\/span> (Modern and trendy caf\u00e9 serving international dishes).<br \/><strong>Trilla Bistro\u00a0 <\/strong>\u2013 Address: <span>Olof Palme stny. 3, 1146 Budapest <\/span>\u00a0(Traditional Hungarian cuisine with a modern twist).<br \/><strong>Z\u00f6ld<span class=\"gmail_default\">\u00a0K<\/span>\u00fcll\u0151 <\/strong>\u00a0\u2013 Address: <span>Pa\u00e1l L\u00e1szl\u00f3 \u00fat, 1146<\/span> Budapest (Vegetarian and vegan dishes with a focus on sustainability).<br \/><\/span><\/p>\n<p style=\"padding-left: 80px;\"><span style=\"color: #000000;\"><\/span><\/p>\n<p style=\"padding-left: 80px;\"><span style=\"color: #800000; font-weight: bold;\">Please note: Lunch is self-funded, and there are no reservations at the mentioned restaurants.<br \/><\/span><\/p>\n<p style=\"padding-left: 80px;\"><span style=\"color: #800000; font-weight: bold;\"><\/span><\/p>\n<p style=\"padding-left: 80px;\"><span style=\"color: #000000;\">2:30 PM: Visit to the Museum of Ethnography with a guided tour (entrance fees are included in the price).<br \/><\/span><\/p>\n<p style=\"padding-left: 80px;\"><span style=\"color: #000000;\"><\/span><\/p>\n<p style=\"padding-left: 80px;\"><span style=\"color: #000000;\">3:45 PM: Return to Hotel Vision by coach, passing notable landmarks like St. Stephen\u2019s Basilica and the Doh\u00e1ny Street Synagogue. Expected arrival at the hotel by 4:30 PM.<br \/><\/span><\/p>\n<p>[\/et_pb_text][et_pb_gallery gallery_ids=&#8221;5659,5658,5657,5656,5655,5654&#8243; posts_number=&#8221;6&#8243; show_title_and_caption=&#8221;off&#8221; show_pagination=&#8221;off&#8221; _builder_version=&#8221;4.23.1&#8243; _module_preset=&#8221;default&#8221; custom_padding=&#8221;|50px||50px|false|true&#8221; global_colors_info=&#8221;{}&#8221;][\/et_pb_gallery][et_pb_text _builder_version=&#8221;4.23.1&#8243; _module_preset=&#8221;default&#8221; custom_padding=&#8221;||0px|||&#8221; global_colors_info=&#8221;{}&#8221;]<\/p>\n<p><span style=\"color: #800000\"><strong><u>DAY 3, Saturday, August 23, 2025<\/u> <\/strong><\/span><\/p>\n<p><span style=\"color: #800000\"><strong>WALKING TOUR TO PARLIAMENT, ST. STEPHEN\u2019S BASILICA AND GRAND MARKET (PEST SIDE)<\/strong><\/span><\/p>\n<ul><\/ul>\n<p style=\"padding-left: 80px\"><span style=\"color: #000000\"> 9:30 AM: Departure from Hotel Vision, walking to V\u00e1ci Street and De\u00e1k Ferenc Square, Erzs\u00e9bet \/ Elizabeth square.<br \/>Visit to St. Stephen\u2019s Basilica (entrance tickets included).<br \/>Walking tour towards the Szabads\u00e1g Square and the Hungarian Parliament Building.<br \/><\/span><\/p>\n<p style=\"padding-left: 80px\"><span style=\"color: #000000\"><br \/>12:30 PM &#8211; 2:00 PM: Lunch at one of the following recommended restaurants (please note that this is subject to change if the Central Market Hall will be visited in the morning):<br \/><\/span><span style=\"color: #000000\"><strong>Szamos Gourmet House<\/strong> \u2013 Address: 2 Kossuth Lajos t\u00e9r, 1055 Budapest (Elegant restaurant offering Hungarian and international dishes, daily menu, plus a variety of cakes and pastries).<br \/><\/span><span style=\"color: #000000\"><strong>Retro L\u00e1ngos<\/strong> \u2013 Address: 4 Kossuth Lajos t\u00e9r, 1055 Budapest (Traditional Hungarian l\u00e1ngos in a retro-style setting, perfect for a quick and tasty snack).<br \/><\/span><span style=\"color: #000000\"><strong>Sm\u00faz Caf\u00e9<\/strong> \u2013 Address: 10 Kossuth Lajos t\u00e9r, 1055 Budapest (Casual caf\u00e9 offering a variety of Hungarian and international dishes, with a relaxed atmosphere).<br \/><\/span><span style=\"color: #000000\"><strong>S\u00e9f Asztala<\/strong> \u2013 Address: 3 Kossuth Lajos utca, 1053 Budapest (Modern Hungarian dishes in a cozy setting).<\/span><\/p>\n<p style=\"padding-left: 80px\"><span style=\"color: #800000;font-weight: bold\"><br \/>Please note: The lunch is self-funded, and there are no reservations at the mentioned restaurants.<br \/><\/span><\/p>\n<p style=\"padding-left: 80px\"><span style=\"color: #000000\"><br \/>2:00 PM: Walk to the Shoes on the Danube Memorial and continue along up to the Chain Bridge. Take tram number 2 to F\u0151v\u00e1m Square.<br \/><\/span><\/p>\n<p style=\"padding-left: 80px\"><span style=\"color: #000000\"><br \/>4:00 PM: After a refreshments at 1000 Tea House, walk back to Hotel Vision (tickets are included in the price).<br \/><\/span><\/p>\n<p>[\/et_pb_text][et_pb_gallery gallery_ids=&#8221;5652,5653,5651,5650&#8243; show_title_and_caption=&#8221;off&#8221; show_pagination=&#8221;off&#8221; _builder_version=&#8221;4.23.1&#8243; _module_preset=&#8221;default&#8221; custom_padding=&#8221;|50px|50px|50px|false|true&#8221; global_colors_info=&#8221;{}&#8221;][\/et_pb_gallery][\/et_pb_column][\/et_pb_row][\/et_pb_section]<\/p>\n","protected":false},"excerpt":{"rendered":"<p>August 21-24, 2025Budapest, Hungary&#8221;MRA Innovations Flowing through Time&#8221;August 21-24, 2025Budapest, Hungary&#8221;MRA Innovations Flowing through Time&#8221;August 21-24, 2025Budapest, Hungary&#8221;MRA Innovations Flowing through Time&#8221;DAYTIME GUEST PROGRAM for SMRA 2025 As always, families, friends, and partners are warmly welcome! We\u2019re excited to offer a memorable Guest Day Program for those traveling with SMRA attendees. While delegates participate in [&hellip;]<\/p>\n","protected":false},"author":1,"featured_media":0,"parent":0,"menu_order":0,"comment_status":"closed","ping_status":"closed","template":"","meta":{"_et_pb_use_builder":"on","_et_pb_old_content":"","_et_gb_content_width":"","footnotes":""},"class_list":["post-5639","page","type-page","status-publish","hentry"],"_links":{"self":[{"href":"https:\/\/society4mra.org\/index.php\/wp-json\/wp\/v2\/pages\/5639","targetHints":{"allow":["GET"]}}],"collection":[{"href":"https:\/\/society4mra.org\/index.php\/wp-json\/wp\/v2\/pages"}],"about":[{"href":"https:\/\/society4mra.org\/index.php\/wp-json\/wp\/v2\/types\/page"}],"author":[{"embeddable":true,"href":"https:\/\/society4mra.org\/index.php\/wp-json\/wp\/v2\/users\/1"}],"replies":[{"embeddable":true,"href":"https:\/\/society4mra.org\/index.php\/wp-json\/wp\/v2\/comments?post=5639"}],"version-history":[{"count":51,"href":"https:\/\/society4mra.org\/index.php\/wp-json\/wp\/v2\/pages\/5639\/revisions"}],"predecessor-version":[{"id":5897,"href":"https:\/\/society4mra.org\/index.php\/wp-json\/wp\/v2\/pages\/5639\/revisions\/5897"}],"wp:attachment":[{"href":"https:\/\/society4mra.org\/index.php\/wp-json\/wp\/v2\/media?parent=5639"}],"curies":[{"name":"wp","href":"https:\/\/api.w.org\/{rel}","templated":true}]}}